{"id":2111,"date":"2017-09-12T08:15:07","date_gmt":"2017-09-12T08:15:07","guid":{"rendered":"https:\/\/viptoursholland.com\/blog\/"},"modified":"2023-08-30T13:26:42","modified_gmt":"2023-08-30T13:26:42","slug":"blog","status":"publish","type":"page","link":"https:\/\/viptoursholland.com\/de\/blog\/","title":{"rendered":"Blog"},"content":{"rendered":"\t\t<div data-elementor-type=\"wp-page\" data-elementor-id=\"2111\" class=\"elementor elementor-2111 elementor-22\" data-elementor-post-type=\"page\">\n\t\t\t\t\t\t<section class=\"elementor-section elementor-top-section elementor-element elementor-element-72ca3794 elementor-section-boxed elementor-section-height-default elementor-section-height-default\" data-id=\"72ca3794\" data-element_type=\"section\" data-e-type=\"section\" data-settings=\"{&quot;background_background&quot;:&quot;classic&quot;}\">\n\t\t\t\t\t\t\t<div class=\"elementor-background-overlay\"><\/div>\n\t\t\t\t\t\t\t<div class=\"elementor-container elementor-column-gap-default\">\n\t\t\t\t\t<div class=\"elementor-column elementor-col-100 elementor-top-column elementor-element elementor-element-46eab53a\" data-id=\"46eab53a\" data-element_type=\"column\" data-e-type=\"column\">\n\t\t\t<div class=\"elementor-widget-wrap elementor-element-populated\">\n\t\t\t\t\t\t\t<\/div>\n\t\t<\/div>\n\t\t\t\t\t<\/div>\n\t\t<\/section>\n\t\t\t\t<section class=\"elementor-section elementor-top-section elementor-element elementor-element-1d700d5 elementor-section-boxed elementor-section-height-default elementor-section-height-default\" data-id=\"1d700d5\" data-element_type=\"section\" data-e-type=\"section\">\n\t\t\t\t\t\t<div class=\"elementor-container elementor-column-gap-default\">\n\t\t\t\t\t<div class=\"elementor-column elementor-col-100 elementor-top-column elementor-element elementor-element-8c7ac04\" data-id=\"8c7ac04\" data-element_type=\"column\" data-e-type=\"column\">\n\t\t\t<div class=\"elementor-widget-wrap elementor-element-populated\">\n\t\t\t\t\t\t<div class=\"elementor-element elementor-element-11889fb elementor-grid-3 elementor-grid-tablet-2 elementor-grid-mobile-1 elementor-posts--thumbnail-top elementor-card-shadow-yes elementor-posts__hover-gradient elementor-widget elementor-widget-posts\" data-id=\"11889fb\" data-element_type=\"widget\" data-e-type=\"widget\" data-settings=\"{&quot;pagination_type&quot;:&quot;load_more_infinite_scroll&quot;,&quot;cards_columns&quot;:&quot;3&quot;,&quot;cards_columns_tablet&quot;:&quot;2&quot;,&quot;cards_columns_mobile&quot;:&quot;1&quot;,&quot;cards_row_gap&quot;:{&quot;unit&quot;:&quot;px&quot;,&quot;size&quot;:35,&quot;sizes&quot;:[]},&quot;cards_row_gap_tablet&quot;:{&quot;unit&quot;:&quot;px&quot;,&quot;size&quot;:&quot;&quot;,&quot;sizes&quot;:[]},&quot;cards_row_gap_mobile&quot;:{&quot;unit&quot;:&quot;px&quot;,&quot;size&quot;:&quot;&quot;,&quot;sizes&quot;:[]},&quot;load_more_spinner&quot;:{&quot;value&quot;:&quot;fas fa-spinner&quot;,&quot;library&quot;:&quot;fa-solid&quot;}}\" data-widget_type=\"posts.cards\">\n\t\t\t\t<div class=\"elementor-widget-container\">\n\t\t\t\t\t\t\t<div class=\"elementor-posts-container elementor-posts elementor-posts--skin-cards elementor-grid\" role=\"list\">\n\t\t\t\t<article class=\"elementor-post elementor-grid-item post-2145 post type-post status-publish format-standard has-post-thumbnail hentry category-unkategorisiert\" role=\"listitem\">\n\t\t\t<div class=\"elementor-post__card\">\n\t\t\t\t<a class=\"elementor-post__thumbnail__link\" href=\"https:\/\/viptoursholland.com\/de\/eine-geschaeftsreise-nach-amsterdam-planung-fuer-den-erfolg\/\" tabindex=\"-1\"><div class=\"elementor-post__thumbnail\"><img fetchpriority=\"high\" decoding=\"async\" width=\"800\" height=\"427\" src=\"https:\/\/viptoursholland.com\/wp-content\/uploads\/2019\/07\/business-trip-amsterdam-1024x547.jpg\" class=\"attachment-large size-large wp-image-1865\" alt=\"\" srcset=\"https:\/\/viptoursholland.com\/wp-content\/uploads\/2019\/07\/business-trip-amsterdam-1024x547.jpg 1024w, https:\/\/viptoursholland.com\/wp-content\/uploads\/2019\/07\/business-trip-amsterdam-300x160.jpg 300w, https:\/\/viptoursholland.com\/wp-content\/uploads\/2019\/07\/business-trip-amsterdam-768x410.jpg 768w, https:\/\/viptoursholland.com\/wp-content\/uploads\/2019\/07\/business-trip-amsterdam-1536x820.jpg 1536w, https:\/\/viptoursholland.com\/wp-content\/uploads\/2019\/07\/business-trip-amsterdam.jpg 1600w\" sizes=\"(max-width: 800px) 100vw, 800px\" \/><\/div><\/a>\n\t\t\t\t<div class=\"elementor-post__text\">\n\t\t\t\t<h2 class=\"elementor-post__title\">\n\t\t\t<a href=\"https:\/\/viptoursholland.com\/de\/eine-geschaeftsreise-nach-amsterdam-planung-fuer-den-erfolg\/\">\n\t\t\t\tEine Gesch\u00e4ftsreise nach Amsterdam: gute Planung, mehr Erfolg\t\t\t<\/a>\n\t\t<\/h2>\n\t\t\t\t<div class=\"elementor-post__excerpt\">\n\t\t\t<p>Als Sekret\u00e4rin oder leitende Angestellte haben Sie schon genug zu tun. Gerade wenn Sie denken, Sie h\u00e4tten alles im Griff, kommt eine Anfrage, ob Sie<\/p>\n\t\t<\/div>\n\t\t\n\t\t<a class=\"elementor-post__read-more\" href=\"https:\/\/viptoursholland.com\/de\/eine-geschaeftsreise-nach-amsterdam-planung-fuer-den-erfolg\/\" aria-label=\"Mehr \u00fcber Eine Gesch\u00e4ftsreise nach Amsterdam: gute Planung, mehr Erfolg\" tabindex=\"-1\">\n\t\t\tMehr lesen\t\t<\/a>\n\n\t\t\t\t<\/div>\n\t\t\t\t\t<\/div>\n\t\t<\/article>\n\t\t\t\t<article class=\"elementor-post elementor-grid-item post-2146 post type-post status-publish format-standard has-post-thumbnail hentry category-unkategorisiert\" role=\"listitem\">\n\t\t\t<div class=\"elementor-post__card\">\n\t\t\t\t<a class=\"elementor-post__thumbnail__link\" href=\"https:\/\/viptoursholland.com\/de\/probieren-sie-ein-stueck-geschichte-in-der-heineken-experience\/\" tabindex=\"-1\"><div class=\"elementor-post__thumbnail\"><img decoding=\"async\" width=\"494\" height=\"419\" src=\"https:\/\/viptoursholland.com\/wp-content\/uploads\/2018\/08\/Heineken-Beer.jpg\" class=\"attachment-large size-large wp-image-1853\" alt=\"\" srcset=\"https:\/\/viptoursholland.com\/wp-content\/uploads\/2018\/08\/Heineken-Beer.jpg 494w, https:\/\/viptoursholland.com\/wp-content\/uploads\/2018\/08\/Heineken-Beer-300x254.jpg 300w\" sizes=\"(max-width: 494px) 100vw, 494px\" \/><\/div><\/a>\n\t\t\t\t<div class=\"elementor-post__text\">\n\t\t\t\t<h2 class=\"elementor-post__title\">\n\t\t\t<a href=\"https:\/\/viptoursholland.com\/de\/probieren-sie-ein-stueck-geschichte-in-der-heineken-experience\/\">\n\t\t\t\tKosten Sie ein St\u00fcck Geschichte in der Heineken Experience\t\t\t<\/a>\n\t\t<\/h2>\n\t\t\t\t<div class=\"elementor-post__excerpt\">\n\t\t\t<p>Eine der gr\u00f6\u00dften Marken der Welt hat ihren Ursprung in Amsterdam: Heineken. Und jetzt k\u00f6nnen Sie ihren Erfolg in der Heineken Experience sehen (und schmecken!).<\/p>\n\t\t<\/div>\n\t\t\n\t\t<a class=\"elementor-post__read-more\" href=\"https:\/\/viptoursholland.com\/de\/probieren-sie-ein-stueck-geschichte-in-der-heineken-experience\/\" aria-label=\"Mehr \u00fcber Kosten Sie ein St\u00fcck Geschichte in der Heineken Experience\" tabindex=\"-1\">\n\t\t\tMehr lesen\t\t<\/a>\n\n\t\t\t\t<\/div>\n\t\t\t\t\t<\/div>\n\t\t<\/article>\n\t\t\t\t<article class=\"elementor-post elementor-grid-item post-2147 post type-post status-publish format-standard has-post-thumbnail hentry category-unkategorisiert\" role=\"listitem\">\n\t\t\t<div class=\"elementor-post__card\">\n\t\t\t\t<a class=\"elementor-post__thumbnail__link\" href=\"https:\/\/viptoursholland.com\/de\/das-jordaan-viertel-ein-arbeiterviertel-im-wandel\/\" tabindex=\"-1\"><div class=\"elementor-post__thumbnail\"><img decoding=\"async\" width=\"800\" height=\"534\" src=\"https:\/\/viptoursholland.com\/wp-content\/uploads\/2018\/06\/Jordaan-Area-1024x683.jpg\" class=\"attachment-large size-large wp-image-1851\" alt=\"\" srcset=\"https:\/\/viptoursholland.com\/wp-content\/uploads\/2018\/06\/Jordaan-Area-1024x683.jpg 1024w, https:\/\/viptoursholland.com\/wp-content\/uploads\/2018\/06\/Jordaan-Area-300x200.jpg 300w, https:\/\/viptoursholland.com\/wp-content\/uploads\/2018\/06\/Jordaan-Area-768x512.jpg 768w, https:\/\/viptoursholland.com\/wp-content\/uploads\/2018\/06\/Jordaan-Area-1536x1024.jpg 1536w, https:\/\/viptoursholland.com\/wp-content\/uploads\/2018\/06\/Jordaan-Area-2048x1365.jpg 2048w\" sizes=\"(max-width: 800px) 100vw, 800px\" \/><\/div><\/a>\n\t\t\t\t<div class=\"elementor-post__text\">\n\t\t\t\t<h2 class=\"elementor-post__title\">\n\t\t\t<a href=\"https:\/\/viptoursholland.com\/de\/das-jordaan-viertel-ein-arbeiterviertel-im-wandel\/\">\n\t\t\t\tDas Jordaan-Viertel: ein Arbeiterviertel im Wandel\t\t\t<\/a>\n\t\t<\/h2>\n\t\t\t\t<div class=\"elementor-post__excerpt\">\n\t\t\t<p>&nbsp; Authentisch, aber mit einem modernen, hippen Twist: das ist das Jordaan-Viertel. Der Jordaan, ein Viertel mitten im Stadtzentrum, wurde 1612 gegr\u00fcndet, um die schnell<\/p>\n\t\t<\/div>\n\t\t\n\t\t<a class=\"elementor-post__read-more\" href=\"https:\/\/viptoursholland.com\/de\/das-jordaan-viertel-ein-arbeiterviertel-im-wandel\/\" aria-label=\"Mehr \u00fcber Das Jordaan-Viertel: ein Arbeiterviertel im Wandel\" tabindex=\"-1\">\n\t\t\tMehr lesen\t\t<\/a>\n\n\t\t\t\t<\/div>\n\t\t\t\t\t<\/div>\n\t\t<\/article>\n\t\t\t\t<article class=\"elementor-post elementor-grid-item post-2148 post type-post status-publish format-standard has-post-thumbnail hentry category-unkategorisiert\" role=\"listitem\">\n\t\t\t<div class=\"elementor-post__card\">\n\t\t\t\t<a class=\"elementor-post__thumbnail__link\" href=\"https:\/\/viptoursholland.com\/de\/tulpen-und-blumenzwiebelfelder-lesen-sie-mehr-ueber-den-keukenhof-park\/\" tabindex=\"-1\"><div class=\"elementor-post__thumbnail\"><img loading=\"lazy\" decoding=\"async\" width=\"800\" height=\"600\" src=\"https:\/\/viptoursholland.com\/wp-content\/uploads\/2018\/03\/Tulip-Garden.jpg\" class=\"attachment-large size-large wp-image-1847\" alt=\"\" srcset=\"https:\/\/viptoursholland.com\/wp-content\/uploads\/2018\/03\/Tulip-Garden.jpg 1024w, https:\/\/viptoursholland.com\/wp-content\/uploads\/2018\/03\/Tulip-Garden-300x225.jpg 300w, https:\/\/viptoursholland.com\/wp-content\/uploads\/2018\/03\/Tulip-Garden-768x576.jpg 768w\" sizes=\"(max-width: 800px) 100vw, 800px\" \/><\/div><\/a>\n\t\t\t\t<div class=\"elementor-post__text\">\n\t\t\t\t<h2 class=\"elementor-post__title\">\n\t\t\t<a href=\"https:\/\/viptoursholland.com\/de\/tulpen-und-blumenzwiebelfelder-lesen-sie-mehr-ueber-den-keukenhof-park\/\">\n\t\t\t\tTulpen und Blumenzwiebelfelder&#8230;.lesen Sie mehr \u00fcber den Park Keukenhof\t\t\t<\/a>\n\t\t<\/h2>\n\t\t\t\t<div class=\"elementor-post__excerpt\">\n\t\t\t<p>&nbsp; Spektakul\u00e4r. Farbenfroh. Einzigartig. Das ist der Keukenhof. Mehr als 7 Millionen Blumenzwiebeln bl\u00fchen dort jedes Fr\u00fchjahr. Sie machen Ihren Besuch im sch\u00f6nsten Garten der<\/p>\n\t\t<\/div>\n\t\t\n\t\t<a class=\"elementor-post__read-more\" href=\"https:\/\/viptoursholland.com\/de\/tulpen-und-blumenzwiebelfelder-lesen-sie-mehr-ueber-den-keukenhof-park\/\" aria-label=\"Mehr \u00fcber Tulpen und Blumenzwiebelfelder&#8230;.lesen Sie mehr \u00fcber den Park Keukenhof\" tabindex=\"-1\">\n\t\t\tMehr lesen\t\t<\/a>\n\n\t\t\t\t<\/div>\n\t\t\t\t\t<\/div>\n\t\t<\/article>\n\t\t\t\t<article class=\"elementor-post elementor-grid-item post-2149 post type-post status-publish format-standard has-post-thumbnail hentry category-unkategorisiert\" role=\"listitem\">\n\t\t\t<div class=\"elementor-post__card\">\n\t\t\t\t<a class=\"elementor-post__thumbnail__link\" href=\"https:\/\/viptoursholland.com\/de\/besuchen-sie-die-grachten-und-geniessen-sie-dabei-ein-gutes-abendessen-buchen-sie-eine-dinner-kreuzfahrt\/\" tabindex=\"-1\"><div class=\"elementor-post__thumbnail\"><img loading=\"lazy\" decoding=\"async\" width=\"800\" height=\"534\" src=\"https:\/\/viptoursholland.com\/wp-content\/uploads\/2018\/01\/Candlelightcruise_7783-1024x683.jpg\" class=\"attachment-large size-large wp-image-1843\" alt=\"\" srcset=\"https:\/\/viptoursholland.com\/wp-content\/uploads\/2018\/01\/Candlelightcruise_7783-1024x683.jpg 1024w, https:\/\/viptoursholland.com\/wp-content\/uploads\/2018\/01\/Candlelightcruise_7783-300x200.jpg 300w, https:\/\/viptoursholland.com\/wp-content\/uploads\/2018\/01\/Candlelightcruise_7783-768x512.jpg 768w, https:\/\/viptoursholland.com\/wp-content\/uploads\/2018\/01\/Candlelightcruise_7783-1536x1024.jpg 1536w, https:\/\/viptoursholland.com\/wp-content\/uploads\/2018\/01\/Candlelightcruise_7783-2048x1365.jpg 2048w\" sizes=\"(max-width: 800px) 100vw, 800px\" \/><\/div><\/a>\n\t\t\t\t<div class=\"elementor-post__text\">\n\t\t\t\t<h2 class=\"elementor-post__title\">\n\t\t\t<a href=\"https:\/\/viptoursholland.com\/de\/besuchen-sie-die-grachten-und-geniessen-sie-dabei-ein-gutes-abendessen-buchen-sie-eine-dinner-kreuzfahrt\/\">\n\t\t\t\tBesuchen Sie die Grachten und genie\u00dfen Sie dabei ein gutes Abendessen &#8211; buchen Sie eine Dinner-Kreuzfahrt!\t\t\t<\/a>\n\t\t<\/h2>\n\t\t\t\t<div class=\"elementor-post__excerpt\">\n\t\t\t<p>Ein Besuch in Amsterdam ist ohne eine Grachtenrundfahrt nicht vollst\u00e4ndig. Tatsache. Das hei\u00dft aber nicht, dass man einfach in das erste Ausflugsboot springen sollte, dem<\/p>\n\t\t<\/div>\n\t\t\n\t\t<a class=\"elementor-post__read-more\" href=\"https:\/\/viptoursholland.com\/de\/besuchen-sie-die-grachten-und-geniessen-sie-dabei-ein-gutes-abendessen-buchen-sie-eine-dinner-kreuzfahrt\/\" aria-label=\"Mehr \u00fcber Besuchen Sie die Grachten und genie\u00dfen Sie dabei ein gutes Abendessen &#8211; buchen Sie eine Dinner-Kreuzfahrt!\" tabindex=\"-1\">\n\t\t\tMehr lesen\t\t<\/a>\n\n\t\t\t\t<\/div>\n\t\t\t\t\t<\/div>\n\t\t<\/article>\n\t\t\t\t<article class=\"elementor-post elementor-grid-item post-2150 post type-post status-publish format-standard has-post-thumbnail hentry category-unkategorisiert\" role=\"listitem\">\n\t\t\t<div class=\"elementor-post__card\">\n\t\t\t\t<a class=\"elementor-post__thumbnail__link\" href=\"https:\/\/viptoursholland.com\/de\/gouda-entdecken-sie-die-geschichte-hinter-der-groessten-niederlaendischen-delikatesse\/\" tabindex=\"-1\"><div class=\"elementor-post__thumbnail\"><img loading=\"lazy\" decoding=\"async\" width=\"800\" height=\"534\" src=\"https:\/\/viptoursholland.com\/wp-content\/uploads\/2017\/09\/Gouda-1024x683.jpg\" class=\"attachment-large size-large wp-image-1841\" alt=\"\" srcset=\"https:\/\/viptoursholland.com\/wp-content\/uploads\/2017\/09\/Gouda-1024x683.jpg 1024w, https:\/\/viptoursholland.com\/wp-content\/uploads\/2017\/09\/Gouda-300x200.jpg 300w, https:\/\/viptoursholland.com\/wp-content\/uploads\/2017\/09\/Gouda-768x512.jpg 768w, https:\/\/viptoursholland.com\/wp-content\/uploads\/2017\/09\/Gouda.jpg 1152w\" sizes=\"(max-width: 800px) 100vw, 800px\" \/><\/div><\/a>\n\t\t\t\t<div class=\"elementor-post__text\">\n\t\t\t\t<h2 class=\"elementor-post__title\">\n\t\t\t<a href=\"https:\/\/viptoursholland.com\/de\/gouda-entdecken-sie-die-geschichte-hinter-der-groessten-niederlaendischen-delikatesse\/\">\n\t\t\t\tGouda: Entdecken Sie die Geschichte hinter der gr\u00f6\u00dften niederl\u00e4ndischen Delikatesse\t\t\t<\/a>\n\t\t<\/h2>\n\t\t\t\t<div class=\"elementor-post__excerpt\">\n\t\t\t<p>[vc_row][vc_column][vc_empty_space height=&#8220;20&#8243;][vc_column_text]Waren Sie schon einmal in Gouda? Wahrscheinlich nicht. Aber wahrscheinlich haben Sie schon eines ihrer ber\u00fchmtesten Produkte gekostet, den weltbekannten Gouda-K\u00e4se. Und wussten Sie,<\/p>\n\t\t<\/div>\n\t\t\n\t\t<a class=\"elementor-post__read-more\" href=\"https:\/\/viptoursholland.com\/de\/gouda-entdecken-sie-die-geschichte-hinter-der-groessten-niederlaendischen-delikatesse\/\" aria-label=\"Mehr \u00fcber Gouda: Entdecken Sie die Geschichte hinter der gr\u00f6\u00dften niederl\u00e4ndischen Delikatesse\" tabindex=\"-1\">\n\t\t\tMehr lesen\t\t<\/a>\n\n\t\t\t\t<\/div>\n\t\t\t\t\t<\/div>\n\t\t<\/article>\n\t\t\t\t<article class=\"elementor-post elementor-grid-item post-2151 post type-post status-publish format-standard has-post-thumbnail hentry category-unkategorisiert\" role=\"listitem\">\n\t\t\t<div class=\"elementor-post__card\">\n\t\t\t\t<a class=\"elementor-post__thumbnail__link\" href=\"https:\/\/viptoursholland.com\/de\/12-000-quadratmeter-gefuellt-mit-historischen-schaetzen\/\" tabindex=\"-1\"><div class=\"elementor-post__thumbnail\"><img loading=\"lazy\" decoding=\"async\" width=\"800\" height=\"452\" src=\"https:\/\/viptoursholland.com\/wp-content\/uploads\/2017\/09\/Rijksmuseum-2014-John-Lewis-Marshall-04-JPEG-1024x579.jpg\" class=\"attachment-large size-large wp-image-1837\" alt=\"\" srcset=\"https:\/\/viptoursholland.com\/wp-content\/uploads\/2017\/09\/Rijksmuseum-2014-John-Lewis-Marshall-04-JPEG-1024x579.jpg 1024w, https:\/\/viptoursholland.com\/wp-content\/uploads\/2017\/09\/Rijksmuseum-2014-John-Lewis-Marshall-04-JPEG-300x170.jpg 300w, https:\/\/viptoursholland.com\/wp-content\/uploads\/2017\/09\/Rijksmuseum-2014-John-Lewis-Marshall-04-JPEG-768x434.jpg 768w, https:\/\/viptoursholland.com\/wp-content\/uploads\/2017\/09\/Rijksmuseum-2014-John-Lewis-Marshall-04-JPEG-1536x869.jpg 1536w, https:\/\/viptoursholland.com\/wp-content\/uploads\/2017\/09\/Rijksmuseum-2014-John-Lewis-Marshall-04-JPEG-2048x1158.jpg 2048w\" sizes=\"(max-width: 800px) 100vw, 800px\" \/><\/div><\/a>\n\t\t\t\t<div class=\"elementor-post__text\">\n\t\t\t\t<h2 class=\"elementor-post__title\">\n\t\t\t<a href=\"https:\/\/viptoursholland.com\/de\/12-000-quadratmeter-gefuellt-mit-historischen-schaetzen\/\">\n\t\t\t\t12.000 Quadratmeter historische Kunstsch\u00e4tze\t\t\t<\/a>\n\t\t<\/h2>\n\t\t\t\t<div class=\"elementor-post__excerpt\">\n\t\t\t<p>Eine Million Kunstwerke. Eine Million! Darunter das riesige Gem\u00e4lde Die Nachtwache, eines der ber\u00fchmtesten Gem\u00e4lde der Geschichte, aber auch zahlreiche Werke ber\u00fchmter niederl\u00e4ndischer Maler wie<\/p>\n\t\t<\/div>\n\t\t\n\t\t<a class=\"elementor-post__read-more\" href=\"https:\/\/viptoursholland.com\/de\/12-000-quadratmeter-gefuellt-mit-historischen-schaetzen\/\" aria-label=\"Mehr \u00fcber 12.000 Quadratmeter historische Kunstsch\u00e4tze\" tabindex=\"-1\">\n\t\t\tMehr lesen\t\t<\/a>\n\n\t\t\t\t<\/div>\n\t\t\t\t\t<\/div>\n\t\t<\/article>\n\t\t\t\t<\/div>\n\t\t\t\t\t<span class=\"e-load-more-spinner\">\n\t\t\t\t<i aria-hidden=\"true\" class=\"fas fa-spinner\"><\/i>\t\t\t<\/span>\n\t\t\n\t\t\t\t\t\t<\/div>\n\t\t\t\t<\/div>\n\t\t\t\t\t<\/div>\n\t\t<\/div>\n\t\t\t\t\t<\/div>\n\t\t<\/section>\n\t\t\t\t<\/div>\n\t\t","protected":false},"excerpt":{"rendered":"","protected":false},"author":1,"featured_media":0,"parent":0,"menu_order":0,"comment_status":"closed","ping_status":"closed","template":"","meta":{"footnotes":""},"class_list":["post-2111","page","type-page","status-publish","hentry"],"_links":{"self":[{"href":"https:\/\/viptoursholland.com\/de\/wp-json\/wp\/v2\/pages\/2111","targetHints":{"allow":["GET"]}}],"collection":[{"href":"https:\/\/viptoursholland.com\/de\/wp-json\/wp\/v2\/pages"}],"about":[{"href":"https:\/\/viptoursholland.com\/de\/wp-json\/wp\/v2\/types\/page"}],"author":[{"embeddable":true,"href":"https:\/\/viptoursholland.com\/de\/wp-json\/wp\/v2\/users\/1"}],"replies":[{"embeddable":true,"href":"https:\/\/viptoursholland.com\/de\/wp-json\/wp\/v2\/comments?post=2111"}],"version-history":[{"count":1,"href":"https:\/\/viptoursholland.com\/de\/wp-json\/wp\/v2\/pages\/2111\/revisions"}],"predecessor-version":[{"id":2112,"href":"https:\/\/viptoursholland.com\/de\/wp-json\/wp\/v2\/pages\/2111\/revisions\/2112"}],"wp:attachment":[{"href":"https:\/\/viptoursholland.com\/de\/wp-json\/wp\/v2\/media?parent=2111"}],"curies":[{"name":"wp","href":"https:\/\/api.w.org\/{rel}","templated":true}]}}