{"id":2127,"date":"2018-04-30T12:06:33","date_gmt":"2018-04-30T12:06:33","guid":{"rendered":"https:\/\/viptoursholland.com\/datenschutzbestimmungen\/"},"modified":"2023-08-30T13:27:26","modified_gmt":"2023-08-30T13:27:26","slug":"datenschutzbestimmungen","status":"publish","type":"page","link":"https:\/\/viptoursholland.com\/de\/datenschutzbestimmungen\/","title":{"rendered":"Datenschutzbestimmungen"},"content":{"rendered":"\t\t<div data-elementor-type=\"wp-page\" data-elementor-id=\"2127\" class=\"elementor elementor-2127 elementor-476\" data-elementor-post-type=\"page\">\n\t\t\t\t\t\t<section class=\"elementor-section elementor-top-section elementor-element elementor-element-36cbb61c elementor-section-boxed elementor-section-height-default elementor-section-height-default\" data-id=\"36cbb61c\" data-element_type=\"section\" data-e-type=\"section\" data-settings=\"{&quot;background_background&quot;:&quot;classic&quot;}\">\n\t\t\t\t\t\t\t<div class=\"elementor-background-overlay\"><\/div>\n\t\t\t\t\t\t\t<div class=\"elementor-container elementor-column-gap-default\">\n\t\t\t\t\t<div class=\"elementor-column elementor-col-100 elementor-top-column elementor-element elementor-element-7fc07af7\" data-id=\"7fc07af7\" data-element_type=\"column\" data-e-type=\"column\">\n\t\t\t<div class=\"elementor-widget-wrap elementor-element-populated\">\n\t\t\t\t\t\t\t<\/div>\n\t\t<\/div>\n\t\t\t\t\t<\/div>\n\t\t<\/section>\n\t\t\t\t<section class=\"elementor-section elementor-top-section elementor-element elementor-element-54c691e elementor-section-boxed elementor-section-height-default elementor-section-height-default\" data-id=\"54c691e\" data-element_type=\"section\" data-e-type=\"section\">\n\t\t\t\t\t\t<div class=\"elementor-container elementor-column-gap-default\">\n\t\t\t\t\t<div class=\"elementor-column elementor-col-100 elementor-top-column elementor-element elementor-element-0fba94e\" data-id=\"0fba94e\" data-element_type=\"column\" data-e-type=\"column\">\n\t\t\t<div class=\"elementor-widget-wrap elementor-element-populated\">\n\t\t\t\t\t\t<div class=\"elementor-element elementor-element-8e39b62 elementor-widget elementor-widget-text-editor\" data-id=\"8e39b62\" data-element_type=\"widget\" data-e-type=\"widget\" data-widget_type=\"text-editor.default\">\n\t\t\t\t<div class=\"elementor-widget-container\">\n\t\t\t\t\t\t\t\t\t<h1><span style=\"color: #c1003c;\">Datenschutz und Cookie-Erkl\u00e4rung<\/span><\/h1>\n<p>Best Tours Europe respektiert die Privatsph\u00e4re aller Nutzer seiner Website und stellt sicher, dass pers\u00f6nliche Informationen, die Sie uns zur Verf\u00fcgung stellen, vertraulich behandelt werden. Dabei wird Best Tours Europe. sich an die geltenden Gesetze und Vorschriften h\u00e4lt. Wir verwenden Ihre Daten nur, um Ihre Bestellungen so schnell und einfach wie m\u00f6glich bearbeiten zu k\u00f6nnen. Wir werden diese Daten nur mit Ihrer Zustimmung f\u00fcr andere Zwecke verwenden.<\/p>\n<h2>Angaben zur Person<\/h2>\n<p>Wir verwenden nur Daten, die uns von den Besuchern unserer Website ausdr\u00fccklich und freiwillig zur Verf\u00fcgung gestellt wurden. Sie k\u00f6nnen Ihre pers\u00f6nlichen Daten in Verbindung mit der Anforderung von Informationen oder Dienstleistungen, dem Erhalt von Newslettern, der Anmeldung zu einem Ausflug oder dem Kauf von Produkten von Best Tours Europe angeben.<br \/>Best Tours Europe speichert Ihre Daten, um Ihren Auftrag auszuf\u00fchren. Ihre Angaben k\u00f6nnen von Best Tours Europe verwendet werden, um Sie \u00fcber relevante Produkte und Dienstleistungen von Best Tours Europe zu informieren, es sei denn, Sie haben angegeben, dass Sie diese Informationen nicht erhalten m\u00f6chten. Sie k\u00f6nnen den Erhalt von Mailings jederzeit \u00fcber die in dem jeweiligen Mailing angegebene Methode abbestellen.<\/p>\n<p>Mit Ausnahme des von Best Tours Europe beauftragten Online-Zahlungsanbieters gibt Best Tours Europe Ihre Daten nicht ohne Ihre ausdr\u00fcckliche vorherige Zustimmung an Dritte weiter, es sei denn, wir sind aufgrund eines Gesetzes oder einer gerichtlichen Entscheidung dazu verpflichtet oder dies ist f\u00fcr die Ausf\u00fchrung einer Vereinbarung zwischen Ihnen und Best Tours Europe notwendig.<br \/>Sie k\u00f6nnen Ihre pers\u00f6nlichen Daten jederzeit einsehen, \u00e4ndern oder l\u00f6schen. Dazu k\u00f6nnen Sie uns \u00fcber info@besttourseurope.com oder +31(0)20 261 4890 kontaktieren.<\/p>\n<h2>Klickverhalten und Suchdaten<\/h2>\n<p>Um einen besseren Einblick in die Nutzung unserer Websites und die Leistungen von (Online-)Marketingkampagnen zu erhalten, wird auf der Website eine Webanalysesoftware namens Google Analytics eingesetzt. Dabei handelt es sich um eine Software, die anonymisierte Daten \u00fcber Ihren Website-Besuch aufzeichnet. Beispiele f\u00fcr aufgezeichnete Daten sind z. B. die Herkunftsquelle Ihres Besuchs (z. B. eine Kampagne oder eine verweisende Webseite), die von Ihnen besuchten Webseiten, verwendete Suchanfragen usw. Wir weisen ausdr\u00fccklich darauf hin, dass diese Daten niemals zu Ihnen als Person oder Individuum zur\u00fcckverfolgt werden k\u00f6nnen, mit Ausnahme der F\u00e4lle, in denen Sie sich \u00fcber eines der Formulare auf der Website als Person identifizieren. In solchen F\u00e4llen kann Ihr Suchverhalten mit den eingegebenen Daten verkn\u00fcpft werden.<\/p>\n<p>Wir versuchen, diese Daten so weit wie m\u00f6glich zu anonymisieren. Zum Beispiel wird die IP-Adresse anonymisiert, indem der letzte Teil der IP-Adresse nicht registriert wird. Diese Daten werden nicht an Dritte weitergegeben. Die erhaltenen Informationen werden an Google \u00fcbertragen und von Google auf Servern in den Vereinigten Staaten gespeichert. Die Daten von Google Analytics-Cookies werden gesichert (verschl\u00fcsselt) gesendet.<\/p>\n<p>Wir verwenden Remarketing-Cookies. Auf diese Weise werden die Informationen, die Sie sich auf unserer Website ansehen, gespeichert, wodurch Remarketing-Listen erstellt werden, ohne dass dies zu einem auf eine Person zur\u00fcckf\u00fchrbaren Profil f\u00fchrt. Auf diese Weise k\u00f6nnen wir Ihnen relevante spezifische Werbung auf anderen Websites zeigen.<br \/>Weitere Informationen finden Sie in den Datenschutzbestimmungen von Google f\u00fcr Anzeigen sowie in den Datenschutzbestimmungen von Google Analytics f\u00fcr allgemeine Informationen \u00fcber die Datenschutzbestimmungen von Google.<\/p>\n<p>Google nutzt diese Informationen, um sich \u00fcber die Nutzung unserer Website auf dem Laufenden zu halten, um uns Berichte \u00fcber die Website zur Verf\u00fcgung zu stellen und um seinen Werbekunden Informationen \u00fcber die Wirksamkeit ihrer Kampagnen zu bieten. Auch wird Google diese Informationen gegebenenfalls an Dritte \u00fcbertragen, sofern dies gesetzlich vorgeschrieben ist oder soweit Dritte diese Daten im Auftrag von Google verarbeiten. Hierauf haben wir keinen Einfluss. Wir haben Google nicht gestattet, die erhaltenen Analysedaten f\u00fcr andere Google-Dienste zu verwenden, beispielsweise f\u00fcr Benchmark-Daten. Wir haben einen Verarbeitungsvertrag mit Google abgeschlossen.<\/p>\n<p>Wir sind an Ihrer Meinung interessiert. Wenn Sie sich entschlie\u00dfen, eine Rezension zu schreiben, erteilen Sie uns die Erlaubnis zur teilweisen oder vollst\u00e4ndigen Ver\u00f6ffentlichung des von Ihnen gelieferten Beitrags auf unserer Website.<\/p>\n<h2>Facebook und Twitter<\/h2>\n<p>Diese Website enth\u00e4lt Schaltfl\u00e4chen, mit denen Sie Seiten in den sozialen Netzwerken Facebook und Twitter bewerben oder teilen k\u00f6nnen. Diese Schaltfl\u00e4chen werden mit Hilfe eines Codes realisiert, der von ShareThis geliefert wird. Dieser Code verwendet zum Beispiel ein Cookie.<br \/>Lesen Sie die Datenschutzbestimmungen von Facebook und Twitter (die sich regelm\u00e4\u00dfig \u00e4ndern k\u00f6nnen), um zu \u00fcberpr\u00fcfen, was sie mit Ihren pers\u00f6nlichen Daten machen, die sie mit diesem Code verarbeiten.<\/p>\n<h2>Verwendung von Cookies<\/h2>\n<p>Unsere Websites verwenden Cookies. Ein Cookie ist eine kleine, einfache Datei, die zusammen mit den Seiten dieser Website gesendet wird und von Ihrem Browser auf einem PC, Tablet oder Mobiltelefon gespeichert wird. Diese Cookies werden verwendet, um die Leistung der Website von canal.nl zu verbessern und die Besuche auf der Website zu \u00fcberwachen. So k\u00f6nnen wir sehen, wie oft die Website in einem bestimmten Zeitraum besucht wurde. Beste Touren Europa. verwendet diese Daten nur auf einer aggregierten Ebene und kann die Daten nicht zu einem PC oder einer Person zur\u00fcckverfolgen.<\/p>\n<p>Sie k\u00f6nnen diese Cookies \u00fcber Ihren Browser deaktivieren, siehe zum Beispiel diese Erkl\u00e4rung des niederl\u00e4ndischen Verbraucherverbands. F\u00fcr Internet Explorer und Firefox gehen Sie wie folgt vor:<\/p>\n<ul>\n<li>F\u00fcr Internet Explorer: Gehen Sie zu Extra &gt; Internetoptionen &gt; Datenschutz, \u00e4ndern Sie die Einstellungen auf &#8222;Hoch&#8220;.<\/li>\n<li>F\u00fcr Firefox: Gehen Sie zu Extra &gt; Optionen &gt; Datenschutz, deaktivieren Sie das Kontrollk\u00e4stchen &#8222;Cookies f\u00fcr Websites akzeptieren&#8220;.<\/li>\n<\/ul>\n<p>Sie k\u00f6nnen zu diesem Zweck auch ein Plugin in Ihrem Webbrowser installieren. Eine \u00dcbersicht finden Sie unter Opt-out-Plugins f\u00fcr verschiedene Browser.<br \/>Beachten Sie jedoch, dass Sie nach dem Entfernen von Cookies von einigen Websites Ihre Einstellungen erneut vornehmen oder sich erneut anmelden m\u00fcssen.<\/p>\n<p>Die Verwendung von Cookies ist sicher. E-Mail- und Telefonmarketing-Kampagnen sind nicht das Ergebnis von Cookies, denn Cookies speichern weder Ihre E-Mail-Adresse noch Ihre Telefonnummer, und ein auf eine Person zur\u00fcckf\u00fchrbares Profil wird mit Hilfe von Cookies nicht erstellt.<\/p>\n<p>Wenn Sie unsere Website zum ersten Mal besuchen, erhalten Sie einen Hinweis auf die Verwendung von Cookies in Form einer Informationsleiste. Indem Sie auf &#8222;einverstanden&#8220; klicken oder unsere Website weiter nutzen, stimmen Sie der Verwendung dieser Cookies zu.<br \/>Bitte beachten Sie, dass Sie, wenn Sie einen anderen Computer, ein Tablet oder ein Mobiltelefon verwenden, Ihre Browsereinstellungen auf diesem Ger\u00e4t \u00e4ndern m\u00fcssen.<\/p>\n\t\t\t\t\t\t\t\t<\/div>\n\t\t\t\t<\/div>\n\t\t\t\t\t<\/div>\n\t\t<\/div>\n\t\t\t\t\t<\/div>\n\t\t<\/section>\n\t\t\t\t<\/div>\n\t\t","protected":false},"excerpt":{"rendered":"<p>Datenschutz und Cookie-Erkl\u00e4rung Best Tours Europe respektiert die Privatsph\u00e4re aller Nutzer seiner Website und stellt sicher, dass pers\u00f6nliche Informationen, die Sie uns zur Verf\u00fcgung stellen, vertraulich behandelt werden. Dabei wird Best Tours Europe. sich an die geltenden Gesetze und Vorschriften h\u00e4lt. Wir verwenden Ihre Daten nur, um Ihre Bestellungen so schnell und einfach wie m\u00f6glich [&hellip;]<\/p>\n","protected":false},"author":1,"featured_media":0,"parent":0,"menu_order":0,"comment_status":"closed","ping_status":"closed","template":"","meta":{"footnotes":""},"class_list":["post-2127","page","type-page","status-publish","hentry"],"_links":{"self":[{"href":"https:\/\/viptoursholland.com\/de\/wp-json\/wp\/v2\/pages\/2127","targetHints":{"allow":["GET"]}}],"collection":[{"href":"https:\/\/viptoursholland.com\/de\/wp-json\/wp\/v2\/pages"}],"about":[{"href":"https:\/\/viptoursholland.com\/de\/wp-json\/wp\/v2\/types\/page"}],"author":[{"embeddable":true,"href":"https:\/\/viptoursholland.com\/de\/wp-json\/wp\/v2\/users\/1"}],"replies":[{"embeddable":true,"href":"https:\/\/viptoursholland.com\/de\/wp-json\/wp\/v2\/comments?post=2127"}],"version-history":[{"count":1,"href":"https:\/\/viptoursholland.com\/de\/wp-json\/wp\/v2\/pages\/2127\/revisions"}],"predecessor-version":[{"id":2128,"href":"https:\/\/viptoursholland.com\/de\/wp-json\/wp\/v2\/pages\/2127\/revisions\/2128"}],"wp:attachment":[{"href":"https:\/\/viptoursholland.com\/de\/wp-json\/wp\/v2\/media?parent=2127"}],"curies":[{"name":"wp","href":"https:\/\/api.w.org\/{rel}","templated":true}]}}